{"id":70,"date":"2021-03-10T09:20:45","date_gmt":"2021-03-10T09:20:45","guid":{"rendered":"https:\/\/metri-k.com\/?page_id=70"},"modified":"2026-05-12T18:14:51","modified_gmt":"2026-05-12T18:14:51","slug":"quienes-somos","status":"publish","type":"page","link":"https:\/\/metri-k.com\/index.php\/quienes-somos\/","title":{"rendered":"Quienes somos"},"content":{"rendered":"\t\t<div data-elementor-type=\"wp-page\" data-elementor-id=\"70\" class=\"elementor elementor-70\" data-elementor-settings=\"[]\">\n\t\t\t\t\t\t\t<div class=\"elementor-section-wrap\">\n\t\t\t\t\t\t\t<section class=\"elementor-section elementor-top-section elementor-element elementor-element-79c01a79 elementor-section-boxed elementor-section-height-default elementor-section-height-default\" data-id=\"79c01a79\" data-element_type=\"section\">\n\t\t\t\t\t\t<div class=\"elementor-container elementor-column-gap-default\">\n\t\t\t\t\t<div class=\"elementor-column elementor-col-100 elementor-top-column elementor-element elementor-element-52bb8696\" data-id=\"52bb8696\" data-element_type=\"column\">\n\t\t\t<div class=\"elementor-widget-wrap elementor-element-populated\">\n\t\t\t\t\t\t\t\t<div class=\"elementor-element elementor-element-50e019d5 elementor-widget elementor-widget-text-editor\" data-id=\"50e019d5\" data-element_type=\"widget\" data-widget_type=\"text-editor.default\">\n\t\t\t\t<div class=\"elementor-widget-container\">\n\t\t\t\t\t<div class=\"elementor-text-editor elementor-clearfix\"><p>En METRI-K Construcciones llevamos m\u00e1s de 30 a\u00f1os a su servicio, fiel a sus principios de seriedad honestidad y capacidad de trabajo durante dos generaciones, especializadas tanto en la edificaci\u00f3n como en la construcci\u00f3n de naves industriales.<\/p><p>Somos una empresa de construcci\u00f3n familiar ubicada en la localidad de Montserrat (Valencia), nuestro radio principal de acci\u00f3n es Comunidad Valenciana, Islas Baleares, Comunidad de Madrid, Arag\u00f3n, Castilla la Mancha, y Murcia.<\/p><p>Cuidamos cada detalle, desde el principio hasta el final de cada proyecto, con un trato a nuestros clientes basado en la proximidad y la personalizaci\u00f3n al cliente.<\/p><p>Nuestro principal capital en METRI-K es el equipo humano, mezclando experiencia con tecnolog\u00eda puntera en el sector, integrado por profesionales cualificados que destacan por su profesionalidad y su implicaci\u00f3n.<\/p><p>\u00a0<\/p><p><img loading=\"lazy\" decoding=\"async\" class=\"wp-image-146 aligncenter\" src=\"https:\/\/metri-k.com\/wp-content\/uploads\/2021\/03\/planos-300x219.jpg\" alt=\"\" width=\"322\" height=\"235\" srcset=\"https:\/\/metri-k.com\/wp-content\/uploads\/2021\/03\/planos-300x219.jpg 300w, https:\/\/metri-k.com\/wp-content\/uploads\/2021\/03\/planos.jpg 400w\" sizes=\"auto, (max-width: 322px) 100vw, 322px\" \/><\/p><\/div>\n\t\t\t\t<\/div>\n\t\t\t\t<\/div>\n\t\t\t\t\t<\/div>\n\t\t<\/div>\n\t\t\t\t\t\t\t<\/div>\n\t\t<\/section>\n\t\t\t\t\t\t<\/div>\n\t\t\t\t\t<\/div>\n\t\t","protected":false},"excerpt":{"rendered":"<p>En METRI-K Construcciones llevamos m\u00e1s de 30 a\u00f1os a su servicio, fiel a sus principios de seriedad honestidad y capacidad de trabajo durante dos generaciones, especializadas tanto en la edificaci\u00f3n como en la construcci\u00f3n de naves industriales. Somos una empresa de construcci\u00f3n familiar ubicada en la localidad de Montserrat (Valencia), nuestro radio principal de acci\u00f3n [&hellip;]<\/p>\n","protected":false},"author":1,"featured_media":0,"parent":0,"menu_order":0,"comment_status":"closed","ping_status":"closed","template":"elementor_header_footer","meta":{"footnotes":""},"class_list":["post-70","page","type-page","status-publish","hentry"],"_links":{"self":[{"href":"https:\/\/metri-k.com\/index.php\/wp-json\/wp\/v2\/pages\/70","targetHints":{"allow":["GET"]}}],"collection":[{"href":"https:\/\/metri-k.com\/index.php\/wp-json\/wp\/v2\/pages"}],"about":[{"href":"https:\/\/metri-k.com\/index.php\/wp-json\/wp\/v2\/types\/page"}],"author":[{"embeddable":true,"href":"https:\/\/metri-k.com\/index.php\/wp-json\/wp\/v2\/users\/1"}],"replies":[{"embeddable":true,"href":"https:\/\/metri-k.com\/index.php\/wp-json\/wp\/v2\/comments?post=70"}],"version-history":[{"count":16,"href":"https:\/\/metri-k.com\/index.php\/wp-json\/wp\/v2\/pages\/70\/revisions"}],"predecessor-version":[{"id":190,"href":"https:\/\/metri-k.com\/index.php\/wp-json\/wp\/v2\/pages\/70\/revisions\/190"}],"wp:attachment":[{"href":"https:\/\/metri-k.com\/index.php\/wp-json\/wp\/v2\/media?parent=70"}],"curies":[{"name":"wp","href":"https:\/\/api.w.org\/{rel}","templated":true}]}}